{"id":4093,"date":"2026-03-23T15:29:29","date_gmt":"2026-03-23T14:29:29","guid":{"rendered":"https:\/\/dorothee-soler.fr\/web\/?post_type=product&#038;p=4093"},"modified":"2026-03-24T11:04:32","modified_gmt":"2026-03-24T10:04:32","slug":"lecrin","status":"publish","type":"product","link":"https:\/\/dorothee-soler.fr\/web\/produit\/lecrin\/","title":{"rendered":"L\u2019\u00c9crin"},"content":{"rendered":"<p data-start=\"346\" data-end=\"357\"><strong data-start=\"346\" data-end=\"357\">L\u2019\u00c9crin<\/strong><\/p>\n<p data-start=\"433\" data-end=\"485\">Ici, il n\u2019y a rien \u00e0 r\u00e9ussir.<br data-start=\"462\" data-end=\"465\" \/>Rien \u00e0 comprendre.<\/p>\n<p data-start=\"492\" data-end=\"582\">Des mati\u00e8res, des gestes, des textures.<br data-start=\"531\" data-end=\"534\" \/>Un espace pour ressentir, exp\u00e9rimenter, cr\u00e9er.<\/p>\n<p data-start=\"589\" data-end=\"642\">Tu arrives sans savoir.<br data-start=\"612\" data-end=\"615\" \/>Tu suis ce qui t\u2019appelle.<\/p>\n<p data-start=\"649\" data-end=\"700\">Un espace en t\u00eate-\u00e0-t\u00eate<br data-start=\"673\" data-end=\"676\" \/>pour explorer et \u00eatre.<\/p>\n<p data-start=\"702\" data-end=\"768\">Un temps pour ralentir,<br data-start=\"725\" data-end=\"728\" \/>toucher la mati\u00e8re,<br data-start=\"747\" data-end=\"750\" \/>suivre ton \u00e9lan.<\/p>\n<p data-start=\"775\" data-end=\"822\">Chaque \u00c9crin est unique.<br data-start=\"799\" data-end=\"802\" \/>Il se cr\u00e9e ensemble.<\/p>\n<p>&nbsp;<\/p>\n<p><em><strong>2h \u00e0 2h30<\/strong><\/em><\/p>\n<p><em><strong>en t\u00eate-\u00e0-t\u00eate<\/strong><\/em><\/p>\n<p><em><strong>mat\u00e9riel inclus<\/strong><\/em><\/p>\n","protected":false},"excerpt":{"rendered":"<p data-start=\"359\" data-end=\"370\">Un espace<br \/>\n<em>vivant<\/em><br data-start=\"378\" data-end=\"381\" \/><em>pr\u00e9sent<\/em><br data-start=\"388\" data-end=\"391\" \/><em>vibrant<\/em><br \/>\n<strong>Une exp\u00e9rience \u00e0 vivre<\/strong><\/p>\n","protected":false},"featured_media":4094,"template":"","meta":[],"product_brand":[],"product_cat":[42],"product_tag":[],"class_list":{"0":"post-4093","1":"product","2":"type-product","3":"status-publish","4":"has-post-thumbnail","6":"product_cat-non-classe","8":"first","9":"instock","10":"virtual","11":"purchasable","12":"product-type-simple"},"_links":{"self":[{"href":"https:\/\/dorothee-soler.fr\/web\/wp-json\/wp\/v2\/product\/4093","targetHints":{"allow":["GET"]}}],"collection":[{"href":"https:\/\/dorothee-soler.fr\/web\/wp-json\/wp\/v2\/product"}],"about":[{"href":"https:\/\/dorothee-soler.fr\/web\/wp-json\/wp\/v2\/types\/product"}],"wp:featuredmedia":[{"embeddable":true,"href":"https:\/\/dorothee-soler.fr\/web\/wp-json\/wp\/v2\/media\/4094"}],"wp:attachment":[{"href":"https:\/\/dorothee-soler.fr\/web\/wp-json\/wp\/v2\/media?parent=4093"}],"wp:term":[{"taxonomy":"product_brand","embeddable":true,"href":"https:\/\/dorothee-soler.fr\/web\/wp-json\/wp\/v2\/product_brand?post=4093"},{"taxonomy":"product_cat","embeddable":true,"href":"https:\/\/dorothee-soler.fr\/web\/wp-json\/wp\/v2\/product_cat?post=4093"},{"taxonomy":"product_tag","embeddable":true,"href":"https:\/\/dorothee-soler.fr\/web\/wp-json\/wp\/v2\/product_tag?post=4093"}],"curies":[{"name":"wp","href":"https:\/\/api.w.org\/{rel}","templated":true}]}}