{"id":4264,"date":"2026-04-10T17:30:04","date_gmt":"2026-04-10T15:30:04","guid":{"rendered":"https:\/\/dorothee-soler.fr\/web\/?page_id=4264"},"modified":"2026-04-10T19:15:01","modified_gmt":"2026-04-10T17:15:01","slug":"lecrin","status":"publish","type":"page","link":"https:\/\/dorothee-soler.fr\/web\/lecrin\/","title":{"rendered":"L\u2019\u00c9crin"},"content":{"rendered":"\n<h1 class=\"wp-block-heading has-text-align-center\">une exp\u00e9rience de cr\u00e9ation sensorielle<\/h1>\n\n\n\n<div class=\"wp-block-group\"><div class=\"wp-block-group__inner-container is-layout-constrained wp-block-group-is-layout-constrained\">\n<div class=\"wp-block-group\"><div class=\"wp-block-group__inner-container is-layout-constrained wp-block-group-is-layout-constrained\">\n<p class=\"has-text-align-center\">Un espace o\u00f9 la mati\u00e8re se transforme<br>o\u00f9 le geste prend sa place<br>o\u00f9 le ressenti guide<\/p>\n\n\n\n<p class=\"has-text-align-center\">o\u00f9 il n\u2019y a rien \u00e0 r\u00e9ussir, seulement \u00e0 exp\u00e9rimenter<\/p>\n\n\n\n<p class=\"has-text-align-center\">Ici, on n\u2019est pas dans la performance<br>on explore<br>on joue<br>on laisse faire<\/p>\n\n\n\n<p class=\"has-text-align-center\">Transformer la mati\u00e8re<br>Explorer les textures<br>Jouer avec le geste<br>Cr\u00e9er sans enjeu<\/p>\n\n\n\n<p class=\"has-text-align-center\">Ralentir<br>Se d\u00e9poser dans le geste<br>Laisser \u00e9merger<\/p>\n\n\n\n<p class=\"has-text-align-center\">Ressentir<br>Jouer<br>\u00catre<\/p>\n\n\n\n<blockquote class=\"wp-block-quote is-layout-flow wp-block-quote-is-layout-flow\">\n<p class=\"has-text-align-center\">Dans l&rsquo;instant, quelque chose se cr\u00e9e.<\/p>\n<\/blockquote>\n<\/div><\/div>\n<\/div><\/div>\n\n\n<div class=\"wp-block-image\">\n<figure class=\"aligncenter size-large is-resized\"><a href=\"https:\/\/dorothee-soler.fr\/web\/boutique\/\"><img loading=\"lazy\" decoding=\"async\" width=\"1024\" height=\"576\" src=\"https:\/\/dorothee-soler.fr\/web\/wp-content\/uploads\/2026\/04\/cropped-2024-Banniere-de-blog6-1024x576.png\" alt=\"\" class=\"wp-image-4157\" style=\"aspect-ratio:1.7777295537772955;width:546px;height:auto\" srcset=\"https:\/\/dorothee-soler.fr\/web\/wp-content\/uploads\/2026\/04\/cropped-2024-Banniere-de-blog6-1024x576.png 1024w, https:\/\/dorothee-soler.fr\/web\/wp-content\/uploads\/2026\/04\/cropped-2024-Banniere-de-blog6-300x169.png 300w, https:\/\/dorothee-soler.fr\/web\/wp-content\/uploads\/2026\/04\/cropped-2024-Banniere-de-blog6-768x432.png 768w, https:\/\/dorothee-soler.fr\/web\/wp-content\/uploads\/2026\/04\/cropped-2024-Banniere-de-blog6-1536x864.png 1536w, https:\/\/dorothee-soler.fr\/web\/wp-content\/uploads\/2026\/04\/cropped-2024-Banniere-de-blog6-2048x1152.png 2048w, https:\/\/dorothee-soler.fr\/web\/wp-content\/uploads\/2026\/04\/cropped-2024-Banniere-de-blog6-600x337.png 600w\" sizes=\"auto, (max-width: 1024px) 100vw, 1024px\" \/><\/a><\/figure>\n<\/div>\n\n\n<p><\/p>\n","protected":false},"excerpt":{"rendered":"<p>une exp\u00e9rience de cr\u00e9ation sensorielle Un espace o\u00f9 la mati\u00e8re se transformeo\u00f9 le geste prend sa placeo\u00f9 le ressenti guide o\u00f9 il n\u2019y a rien \u00e0 r\u00e9ussir, seulement \u00e0 exp\u00e9rimenter Ici, on n\u2019est pas dans la performanceon exploreon joueon laisse faire Transformer la mati\u00e8reExplorer les texturesJouer avec le gesteCr\u00e9er sans enjeu RalentirSe d\u00e9poser dans le [&hellip;]<\/p>\n","protected":false},"author":2,"featured_media":0,"parent":0,"menu_order":0,"comment_status":"closed","ping_status":"closed","template":"page-templates\/full-width-page.php","meta":{"footnotes":""},"categories":[],"class_list":["post-4264","page","type-page","status-publish","hentry"],"_links":{"self":[{"href":"https:\/\/dorothee-soler.fr\/web\/wp-json\/wp\/v2\/pages\/4264","targetHints":{"allow":["GET"]}}],"collection":[{"href":"https:\/\/dorothee-soler.fr\/web\/wp-json\/wp\/v2\/pages"}],"about":[{"href":"https:\/\/dorothee-soler.fr\/web\/wp-json\/wp\/v2\/types\/page"}],"author":[{"embeddable":true,"href":"https:\/\/dorothee-soler.fr\/web\/wp-json\/wp\/v2\/users\/2"}],"replies":[{"embeddable":true,"href":"https:\/\/dorothee-soler.fr\/web\/wp-json\/wp\/v2\/comments?post=4264"}],"version-history":[{"count":16,"href":"https:\/\/dorothee-soler.fr\/web\/wp-json\/wp\/v2\/pages\/4264\/revisions"}],"predecessor-version":[{"id":4335,"href":"https:\/\/dorothee-soler.fr\/web\/wp-json\/wp\/v2\/pages\/4264\/revisions\/4335"}],"wp:attachment":[{"href":"https:\/\/dorothee-soler.fr\/web\/wp-json\/wp\/v2\/media?parent=4264"}],"wp:term":[{"taxonomy":"category","embeddable":true,"href":"https:\/\/dorothee-soler.fr\/web\/wp-json\/wp\/v2\/categories?post=4264"}],"curies":[{"name":"wp","href":"https:\/\/api.w.org\/{rel}","templated":true}]}}