{"id":1647,"date":"2023-12-13T15:35:55","date_gmt":"2023-12-13T14:35:55","guid":{"rendered":"https:\/\/dorothee-soler.fr\/web\/brite\/"},"modified":"2026-04-10T15:43:35","modified_gmt":"2026-04-10T13:43:35","slug":"brite","status":"publish","type":"page","link":"https:\/\/dorothee-soler.fr\/web\/","title":{"rendered":"Front Page"},"content":{"rendered":"<div data-colibri-id=\"1647-c1\" class=\"style-216 style-local-1647-c1 position-relative\">\n  <!---->\n  <div data-colibri-component=\"section\" data-colibri-id=\"1647-c2\" id=\"custom\" class=\"h-section h-section-global-spacing d-flex align-items-lg-center align-items-md-center align-items-center style-306 style-local-1647-c2 position-relative\">\n    <!---->\n    <!---->\n    <div class=\"h-section-grid-container h-section-boxed-container\">\n      <!---->\n      <div data-colibri-id=\"1647-c3\" class=\"h-row-container gutters-row-lg-2 gutters-row-md-2 gutters-row-0 gutters-row-v-lg-2 gutters-row-v-md-2 gutters-row-v-2 style-372 style-local-1647-c3 position-relative\">\n        <!---->\n        <div class=\"h-row justify-content-lg-center justify-content-md-center justify-content-center align-items-lg-stretch align-items-md-stretch align-items-stretch gutters-col-lg-2 gutters-col-md-2 gutters-col-0 gutters-col-v-lg-2 gutters-col-v-md-2 gutters-col-v-2\">\n          <!---->\n          <div class=\"h-column h-column-container d-flex h-col-lg-auto h-col-md-auto h-col-auto style-373-outer style-local-1647-c4-outer\">\n            <div data-colibri-id=\"1647-c4\" class=\"d-flex h-flex-basis h-column__inner h-px-lg-2 h-px-md-2 h-px-2 v-inner-lg-2 v-inner-md-2 v-inner-2 style-373 style-local-1647-c4 position-relative\">\n              <!---->\n              <!---->\n              <div class=\"w-100 h-y-container h-column__content h-column__v-align flex-basis-100 align-self-lg-start align-self-md-start align-self-start\">\n                <!---->\n                <div data-colibri-id=\"1647-c5\" class=\"h-x-container style-375 style-local-1647-c5 position-relative h-element\">\n                  <!---->\n                  <div class=\"h-x-container-inner style-dynamic-1647-c5-group style-375-spacing style-local-1647-c5-spacing\"><span class=\"h-link__outer style-376-outer style-local-1647-c6-outer d-inline-flex h-element\"><a h-use-smooth-scroll=\"true\" href=\"https:\/\/preview.mailerlite.io\/forms\/687639\/164983200727172152\/share\"  data-colibri-id=\"1647-c6\" class=\"d-flex w-100 align-items-center h-link style-376 style-local-1647-c6 position-relative\"><!----><!----> <span>Recevoir la newsletter<\/span><\/a>\n                    <\/span>\n                  <\/div>\n                <\/div>\n              <\/div>\n            <\/div>\n          <\/div>\n        <\/div>\n      <\/div>\n      <div data-colibri-id=\"1647-c7\" class=\"h-row-container gutters-row-lg-2 gutters-row-md-2 gutters-row-0 gutters-row-v-lg-2 gutters-row-v-md-2 gutters-row-v-2 style-307 style-local-1647-c7 position-relative\">\n        <!---->\n        <div class=\"h-row justify-content-lg-center justify-content-md-center justify-content-center align-items-lg-stretch align-items-md-stretch align-items-stretch gutters-col-lg-2 gutters-col-md-2 gutters-col-0 gutters-col-v-lg-2 gutters-col-v-md-2 gutters-col-v-2\">\n          <!---->\n          <div class=\"h-column h-column-container d-flex h-col-lg-auto h-col-md-auto h-col-auto style-308-outer style-local-1647-c8-outer\">\n            <div data-colibri-id=\"1647-c8\" class=\"d-flex h-flex-basis h-column__inner h-px-lg-2 h-px-md-2 h-px-2 v-inner-lg-2 v-inner-md-2 v-inner-2 style-308 style-local-1647-c8 position-relative\">\n              <!---->\n              <!---->\n              <div class=\"w-100 h-y-container h-column__content h-column__v-align flex-basis-100 align-self-lg-start align-self-md-start align-self-start\">\n                <!---->\n                <div data-colibri-id=\"1647-c9\" class=\"h-x-container style-309 style-local-1647-c9 position-relative h-element\">\n                  <!---->\n                  <div class=\"h-x-container-inner style-dynamic-1647-c9-group style-309-spacing style-local-1647-c9-spacing\"><span class=\"h-link__outer style-310-outer style-local-1647-c10-outer d-inline-flex h-element\"><a h-use-smooth-scroll=\"true\" href=\"https:\/\/dorothee-soler.fr\/web\/conditions-generales-de-vente\/\"  data-colibri-id=\"1647-c10\" class=\"d-flex w-100 align-items-center h-link style-310 style-local-1647-c10 position-relative\"><!----><!----> <span>&#8211; Conditions G\u00e9n\u00e9rales de vente &#8211;<\/span><\/a>\n                    <\/span><span class=\"h-link__outer style-315-outer style-local-1647-c11-outer d-inline-flex h-element\"><a h-use-smooth-scroll=\"true\" href=\"mentions-legales-et-politique-de-confidentialite\"  data-colibri-id=\"1647-c11\" class=\"d-flex w-100 align-items-center h-link style-315 style-local-1647-c11 position-relative\"><!----><!----> <span>&#8211; Mentions l\u00e9gales et Politique de confidentialit\u00e9 &#8211;<\/span><\/a>\n                    <\/span>\n                  <\/div>\n                <\/div>\n              <\/div>\n            <\/div>\n          <\/div>\n        <\/div>\n      <\/div>\n    <\/div>\n  <\/div>\n<\/div>","protected":false},"excerpt":{"rendered":"<p>Recevoir la newsletter &#8211; Conditions G\u00e9n\u00e9rales de vente &#8211; &#8211; Mentions l\u00e9gales et Politique de confidentialit\u00e9 &#8211;<\/p>\n","protected":false},"author":2,"featured_media":0,"parent":0,"menu_order":0,"comment_status":"closed","ping_status":"closed","template":"page-templates\/homepage.php","meta":{"footnotes":""},"categories":[],"class_list":["post-1647","page","type-page","status-publish","hentry"],"_links":{"self":[{"href":"https:\/\/dorothee-soler.fr\/web\/wp-json\/wp\/v2\/pages\/1647","targetHints":{"allow":["GET"]}}],"collection":[{"href":"https:\/\/dorothee-soler.fr\/web\/wp-json\/wp\/v2\/pages"}],"about":[{"href":"https:\/\/dorothee-soler.fr\/web\/wp-json\/wp\/v2\/types\/page"}],"author":[{"embeddable":true,"href":"https:\/\/dorothee-soler.fr\/web\/wp-json\/wp\/v2\/users\/2"}],"replies":[{"embeddable":true,"href":"https:\/\/dorothee-soler.fr\/web\/wp-json\/wp\/v2\/comments?post=1647"}],"version-history":[{"count":20,"href":"https:\/\/dorothee-soler.fr\/web\/wp-json\/wp\/v2\/pages\/1647\/revisions"}],"predecessor-version":[{"id":4145,"href":"https:\/\/dorothee-soler.fr\/web\/wp-json\/wp\/v2\/pages\/1647\/revisions\/4145"}],"wp:attachment":[{"href":"https:\/\/dorothee-soler.fr\/web\/wp-json\/wp\/v2\/media?parent=1647"}],"wp:term":[{"taxonomy":"category","embeddable":true,"href":"https:\/\/dorothee-soler.fr\/web\/wp-json\/wp\/v2\/categories?post=1647"}],"curies":[{"name":"wp","href":"https:\/\/api.w.org\/{rel}","templated":true}]}}